{"id":174,"date":"2020-04-19T18:04:25","date_gmt":"2020-04-19T16:04:25","guid":{"rendered":"http:\/\/blog.szkolacarvingu.pl\/?page_id=174"},"modified":"2023-12-23T15:59:51","modified_gmt":"2023-12-23T14:59:51","slug":"o-mnie-nauczyciel-narciarstwa","status":"publish","type":"page","link":"https:\/\/inner.ski\/index.php\/o-mnie-nauczyciel-narciarstwa\/","title":{"rendered":"O NAS"},"content":{"rendered":"\t\t<div data-elementor-type=\"wp-page\" data-elementor-id=\"174\" class=\"elementor elementor-174\">\n\t\t\t\t\t\t\t\t\t<section class=\"elementor-section elementor-top-section elementor-element elementor-element-54288a3a elementor-section-boxed elementor-section-height-default elementor-section-height-default\" data-id=\"54288a3a\" data-element_type=\"section\">\n\t\t\t\t\t\t<div class=\"elementor-container elementor-column-gap-default\">\n\t\t\t\t\t<div class=\"elementor-column elementor-col-100 elementor-top-column elementor-element elementor-element-66766f17\" data-id=\"66766f17\" data-element_type=\"column\">\n\t\t\t<div class=\"elementor-widget-wrap elementor-element-populated\">\n\t\t\t\t\t\t\t\t<div class=\"elementor-element elementor-element-b064efe elementor-widget elementor-widget-heading\" data-id=\"b064efe\" data-element_type=\"widget\" data-widget_type=\"heading.default\">\n\t\t\t\t<div class=\"elementor-widget-container\">\n\t\t\t<h2 class=\"elementor-heading-title elementor-size-default\">Autorami projektu s\u0105 \nMarek i Iza Ogorza\u0142ek.<\/h2>\t\t<\/div>\n\t\t\t\t<\/div>\n\t\t\t\t<div class=\"elementor-element elementor-element-5d4d0d3 elementor-widget elementor-widget-text-editor\" data-id=\"5d4d0d3\" data-element_type=\"widget\" data-widget_type=\"text-editor.default\">\n\t\t\t\t<div class=\"elementor-widget-container\">\n\t\t\t\t\t\t\t\t\t\t\t\t\t<\/div>\n\t\t\t\t<\/div>\n\t\t\t\t<div class=\"elementor-element elementor-element-f6c1a5e elementor-widget elementor-widget-image\" data-id=\"f6c1a5e\" data-element_type=\"widget\" data-widget_type=\"image.default\">\n\t\t\t\t<div class=\"elementor-widget-container\">\n\t\t\t\t\t\t\t\t\t\t\t\t\t\t\t<img fetchpriority=\"high\" decoding=\"async\" width=\"640\" height=\"324\" src=\"https:\/\/inner.ski\/wp-content\/uploads\/2021\/11\/54405461_1983360525125866_2499380428914294784_n.jpg\" class=\"attachment-large size-large wp-image-1475\" alt=\"\" srcset=\"https:\/\/inner.ski\/wp-content\/uploads\/2021\/11\/54405461_1983360525125866_2499380428914294784_n.jpg 956w, https:\/\/inner.ski\/wp-content\/uploads\/2021\/11\/54405461_1983360525125866_2499380428914294784_n-300x152.jpg 300w, https:\/\/inner.ski\/wp-content\/uploads\/2021\/11\/54405461_1983360525125866_2499380428914294784_n-768x389.jpg 768w, https:\/\/inner.ski\/wp-content\/uploads\/2021\/11\/54405461_1983360525125866_2499380428914294784_n-400x203.jpg 400w\" sizes=\"(max-width: 640px) 100vw, 640px\" \/>\t\t\t\t\t\t\t\t\t\t\t\t\t\t\t<\/div>\n\t\t\t\t<\/div>\n\t\t\t\t<div class=\"elementor-element elementor-element-69af9ba elementor-widget elementor-widget-text-editor\" data-id=\"69af9ba\" data-element_type=\"widget\" data-widget_type=\"text-editor.default\">\n\t\t\t\t<div class=\"elementor-widget-container\">\n\t\t\t\t\t\t\t<h3 style=\"text-align: left;\"><span style=\"font-size: 1rem;\">Marek Ogorza\u0142ek <\/span><\/h3><h3 style=\"text-align: left;\"><span style=\"font-size: 1rem;\">Jestem facetem po 50-tce. Cz\u0142owiekiem \u017cyj\u0105cym w\u0142asnym \u017cyciem. <\/span><span style=\"font-size: 1rem;\">Dzi\u0119ki\u00a0 poszukiwaniom, zdobytym do\u015bwiadczeniu, w\u0142asnej przekorze, buntowniczemu charakterowi i \u017cyciowemu szcz\u0119\u015bciu, dotar\u0142em do miejsca w kt\u00f3rym jestem szcz\u0119\u015bliwy i chc\u0119 si\u0119 tym dzieli\u0107 z Wami.\u00a0<\/span><\/h3>\t\t\t\t\t\t<\/div>\n\t\t\t\t<\/div>\n\t\t\t\t<div class=\"elementor-element elementor-element-589c7eb elementor-widget elementor-widget-image\" data-id=\"589c7eb\" data-element_type=\"widget\" data-widget_type=\"image.default\">\n\t\t\t\t<div class=\"elementor-widget-container\">\n\t\t\t\t\t\t\t\t\t\t\t\t\t\t\t<img decoding=\"async\" src=\"http:\/\/blog.szkolacarvingu.pl\/wp-content\/uploads\/2020\/05\/Bez-tytu\u0142u.png\" title=\"\" alt=\"\" loading=\"lazy\" \/>\t\t\t\t\t\t\t\t\t\t\t\t\t\t\t<\/div>\n\t\t\t\t<\/div>\n\t\t\t\t<div class=\"elementor-element elementor-element-30c1193 elementor-widget elementor-widget-text-editor\" data-id=\"30c1193\" data-element_type=\"widget\" data-widget_type=\"text-editor.default\">\n\t\t\t\t<div class=\"elementor-widget-container\">\n\t\t\t\t\t\t\t<h3><strong>Na nartach je\u017adzi\u0142em od zawsze&#8230;<\/strong><\/h3><p>W wieku siedmiu lat zjecha\u0142em z Kasprowego. O ile dzisiaj to normalka, to 45 lat temu wygl\u0105da\u0142o to zupe\u0142nie inaczej. Podej\u015bcie z nartami i pe\u0142nym plecakiem na Goryczkow\u0105, samodzielny wyjazd krzese\u0142kiem na Kasprowy Wierch i zjazd w d\u00f3\u0142 po nieprzygotowanym kotle. By\u0142 to dla mnie nie lada wyczyn i pierwszy wielki sukces, na kt\u00f3ry samodzielnie zapracowa\u0142em.<\/p>\t\t\t\t\t\t<\/div>\n\t\t\t\t<\/div>\n\t\t\t\t<div class=\"elementor-element elementor-element-3d7c4db elementor-widget elementor-widget-image\" data-id=\"3d7c4db\" data-element_type=\"widget\" data-widget_type=\"image.default\">\n\t\t\t\t<div class=\"elementor-widget-container\">\n\t\t\t\t\t\t\t\t\t\t\t\t\t\t\t<img decoding=\"async\" width=\"539\" height=\"184\" src=\"https:\/\/inner.ski\/wp-content\/uploads\/2021\/12\/p2-ski.jpg\" class=\"attachment-large size-large wp-image-2279\" alt=\"\" srcset=\"https:\/\/inner.ski\/wp-content\/uploads\/2021\/12\/p2-ski.jpg 539w, https:\/\/inner.ski\/wp-content\/uploads\/2021\/12\/p2-ski-300x102.jpg 300w, https:\/\/inner.ski\/wp-content\/uploads\/2021\/12\/p2-ski-400x137.jpg 400w\" sizes=\"(max-width: 539px) 100vw, 539px\" \/>\t\t\t\t\t\t\t\t\t\t\t\t\t\t\t<\/div>\n\t\t\t\t<\/div>\n\t\t\t\t<div class=\"elementor-element elementor-element-7ea6372 elementor-widget elementor-widget-text-editor\" data-id=\"7ea6372\" data-element_type=\"widget\" data-widget_type=\"text-editor.default\">\n\t\t\t\t<div class=\"elementor-widget-container\">\n\t\t\t\t\t\t\t<h4><strong>Narty s\u0105 ze mn\u0105 od pocz\u0105tku mojej kariery sportowej&#8230;<\/strong><\/h4><p>Przez studia, okres trenerski, po spotkanie z carvingiem, kt\u00f3re odmieni\u0142o nie tylko moje narciarstwo, ale i moje \u017cycie. Napisa\u0142em o tym w kilku artyku\u0142ach, nakr\u0119ci\u0142em par\u0119 filmik\u00f3w. Nawet wyda\u0142em ksi\u0105\u017ck\u0119.<\/p>\t\t\t\t\t\t<\/div>\n\t\t\t\t<\/div>\n\t\t\t\t<div class=\"elementor-element elementor-element-6e9a8ac elementor-widget elementor-widget-image\" data-id=\"6e9a8ac\" data-element_type=\"widget\" data-widget_type=\"image.default\">\n\t\t\t\t<div class=\"elementor-widget-container\">\n\t\t\t\t\t\t\t\t\t\t\t\t\t\t\t\t<a href=\"http:\/\/szkolacarvingu.pl\/images\/publikacje\/carving_ksiazka.pdf\" target=\"_blank\">\n\t\t\t\t\t\t\t<img decoding=\"async\" width=\"128\" height=\"184\" src=\"https:\/\/inner.ski\/wp-content\/uploads\/2020\/04\/ks1.png\" class=\"attachment-large size-large wp-image-139\" alt=\"\" \/>\t\t\t\t\t\t\t\t<\/a>\n\t\t\t\t\t\t\t\t\t\t\t\t\t\t\t<\/div>\n\t\t\t\t<\/div>\n\t\t\t\t<div class=\"elementor-element elementor-element-7780a31 elementor-widget elementor-widget-text-editor\" data-id=\"7780a31\" data-element_type=\"widget\" data-widget_type=\"text-editor.default\">\n\t\t\t\t<div class=\"elementor-widget-container\">\n\t\t\t\t\t\t\t\t\t\t\t\t\t<\/div>\n\t\t\t\t<\/div>\n\t\t\t\t<div class=\"elementor-element elementor-element-075a9f4 elementor-widget elementor-widget-text-editor\" data-id=\"075a9f4\" data-element_type=\"widget\" data-widget_type=\"text-editor.default\">\n\t\t\t\t<div class=\"elementor-widget-container\">\n\t\t\t\t\t\t\t<h4><strong>Co tak mocno wkr\u0119ci\u0142o mnie w ten carving?<\/strong><\/h4><p>Na pocz\u0105tku\u00a0 ciekawo\u015b\u0107\u00a0 odkrywania czego\u015b nowego. Bada\u0142em, sprawdza\u0142em, pr\u00f3bowa\u0142em i szybko odkry\u0142em, \u017ce <strong>carving to nie tylko geometria nart,<\/strong> <strong>to r\u00f3wnie\u017c \u015bwiadomo\u015b\u0107 i psychika poruszaj\u0105cego si\u0119 na nartach cz\u0142owieka.<\/strong><\/p><p>Narty carvingowe daj\u0105 nowy obszar do pracy nad \u015bwiadomo\u015bci\u0105 i uwa\u017cno\u015bci\u0105, przydatn\u0105 zar\u00f3wno na nartach jak w\u017cyciu codziennym<\/p><p>Daj\u0105 to co najwa\u017cniejsze: uczucie lekko\u015bci, przyjemno\u015bci i b\u0142ogo\u015bci, bez m\u0119czenia si\u0119.<\/p><blockquote><h4>&#8220;Dobra jazda jest wtedy, kiedy nie ma napi\u0119cia mi\u0119dzy narciarzem a nartami&#8230;&#8221;<br \/>Marek Ogorza\u0142ek<\/h4><\/blockquote>\t\t\t\t\t\t<\/div>\n\t\t\t\t<\/div>\n\t\t\t\t<div class=\"elementor-element elementor-element-604b29d elementor-widget elementor-widget-text-editor\" data-id=\"604b29d\" data-element_type=\"widget\" data-widget_type=\"text-editor.default\">\n\t\t\t\t<div class=\"elementor-widget-container\">\n\t\t\t\t\t\t\t<h3><strong>Narty to nie wszystko<\/strong><\/h3><p>S\u0105 jeszcze \u017cagle, kt\u00f3re r\u00f3wnie mocno jak narty wros\u0142y w moje \u017cycie. W \u017ceglarstwie podobnie jak w narciarstwie oddaj\u0119 si\u0119 pasji uczenia nowych adept\u00f3w sztuki \u017ceglarskiej.<\/p>\t\t\t\t\t\t<\/div>\n\t\t\t\t<\/div>\n\t\t\t\t<div class=\"elementor-element elementor-element-e7d8b3c elementor-widget elementor-widget-image\" data-id=\"e7d8b3c\" data-element_type=\"widget\" data-widget_type=\"image.default\">\n\t\t\t\t<div class=\"elementor-widget-container\">\n\t\t\t\t\t\t\t\t\t\t\t\t\t\t\t<img loading=\"lazy\" decoding=\"async\" width=\"640\" height=\"487\" src=\"https:\/\/inner.ski\/wp-content\/uploads\/2020\/05\/52960009_1957118464416739_8730206329806782464_o.jpg\" class=\"attachment-large size-large wp-image-503\" alt=\"\" srcset=\"https:\/\/inner.ski\/wp-content\/uploads\/2020\/05\/52960009_1957118464416739_8730206329806782464_o.jpg 960w, https:\/\/inner.ski\/wp-content\/uploads\/2020\/05\/52960009_1957118464416739_8730206329806782464_o-300x228.jpg 300w, https:\/\/inner.ski\/wp-content\/uploads\/2020\/05\/52960009_1957118464416739_8730206329806782464_o-768x584.jpg 768w, https:\/\/inner.ski\/wp-content\/uploads\/2020\/05\/52960009_1957118464416739_8730206329806782464_o-400x304.jpg 400w\" sizes=\"(max-width: 640px) 100vw, 640px\" \/>\t\t\t\t\t\t\t\t\t\t\t\t\t\t\t<\/div>\n\t\t\t\t<\/div>\n\t\t\t\t<div class=\"elementor-element elementor-element-d635483 elementor-widget elementor-widget-text-editor\" data-id=\"d635483\" data-element_type=\"widget\" data-widget_type=\"text-editor.default\">\n\t\t\t\t<div class=\"elementor-widget-container\">\n\t\t\t\t\t\t\t<h4><strong style=\"font-size: 22px;\">Lubi\u0119 smakowa\u0107 \u017cycie.<\/strong><\/h4><p>Du\u017co zabawy, du\u017co muzyki, du\u017co jedzenia, du\u017co wra\u017ce\u0144, du\u017co wszystkiego\u2026\u00a0<\/p><p>\u017bycie ze mn\u0105, jak to Kazik kiedy\u015b okre\u015bli\u0142, to: <em>\u201eczasem zazdro\u015bci\u0107 a czasem wsp\u00f3\u0142czu\u0107\u201d<\/em>. Nie znam s\u0142\u00f3w: nie da si\u0119, nie chc\u0119, nie umiem&#8230; .<\/p><p><strong>Jestem w po\u0142owie narciarzem i w po\u0142owie \u017ceglarzem.<\/strong> <strong>Pomi\u0119dzy nartami i \u017caglami staram si\u0119 by\u0107 dobrym m\u0119\u017cem i odpowiedzialnym ojcem.<\/strong><\/p><p>Moja pasja to \u017cycie. Poznawane siebie w podr\u00f3\u017cach, zar\u00f3wno tych bliskich, zaczynaj\u0105cych si\u0119 od wstania z \u0142\u00f3\u017cka i zrobienia \u015bniadania, jak i tych dalekich, z podr\u00f3\u017c\u0105 na koniec \u015bwiata w\u0142\u0105cznie. Smak i zapach kuchni ulicznej i tej domowej. Zagubienie si\u0119 w uliczkach nieznanego miasta i odnalezienie w domowych pieleszach. Praca fizyczna, kt\u00f3rej si\u0119 nie boj\u0119 i nie wiem sk\u0105d zawsze jej taka fura. Najch\u0119tniej buduj\u0119, konstruuj\u0119 i pracuj\u0119 z ziemi\u0105, bo czuj\u0119 jak praca z ziemi\u0105 mnie oczyszcza.<\/p><p><strong>Z powo\u0142ania i zawodowo jestem nauczycielem narciarstwa i \u017ceglarstwa.<\/strong><\/p><p>W uczeniu \u0142\u0105cz\u0119 zachodni\u0105 mechanik\u0119 wykonania ruchu ze wschodni\u0105 filozofi\u0105 czucia ruchu cia\u0142em w czasie i przestrzeni. Po\u0142\u0105czenie to da\u0142o mi podstawy do opracowania nowej techniki i metodyki stosowanej zar\u00f3wno w narciarstwie, jak i innych technikach sportowych oraz filozofii \u017cycia.<\/p><p><strong>Do\u015bwiadczy\u0142em \u017cycia zar\u00f3wno z dobrej, jak i ze z\u0142ej strony.<\/strong><\/p><p>By\u0142y momenty wzlot\u00f3w, wspania\u0142ych podr\u00f3\u017cy, kariery narciarskiej, publicystycznej i pedagogicznej. By\u0142y te\u017c momenty upadk\u00f3w, z depresj\u0105 i alkoholem w\u0142\u0105cznie. \u017bycie da\u0142o mi do wiwatu, ale dzisiaj wiem, \u017ce \u017cyj\u0119.<\/p>\t\t\t\t\t\t<\/div>\n\t\t\t\t<\/div>\n\t\t\t\t<div class=\"elementor-element elementor-element-f37f625 elementor-widget elementor-widget-image\" data-id=\"f37f625\" data-element_type=\"widget\" data-widget_type=\"image.default\">\n\t\t\t\t<div class=\"elementor-widget-container\">\n\t\t\t\t\t\t\t\t\t\t\t\t\t\t\t<img decoding=\"async\" src=\"http:\/\/blog.szkolacarvingu.pl\/wp-content\/uploads\/2020\/04\/53270729_1957119287749990_3797502584386748416_o.jpg\" title=\"\" alt=\"\" loading=\"lazy\" \/>\t\t\t\t\t\t\t\t\t\t\t\t\t\t\t<\/div>\n\t\t\t\t<\/div>\n\t\t\t\t<div class=\"elementor-element elementor-element-7301234 elementor-widget elementor-widget-text-editor\" data-id=\"7301234\" data-element_type=\"widget\" data-widget_type=\"text-editor.default\">\n\t\t\t\t<div class=\"elementor-widget-container\">\n\t\t\t\t\t\t\t<div><h4><strong>Kilka fakt\u00f3w o mnie<\/strong><\/h4><p><strong>&#8211; Mgr<\/strong> <strong>Wychowania Fizycznego<\/strong> AWF Wroc\u0142aw, ze specjalno\u015bci\u0105 zawodow\u0105 <strong>Trener Narciarstwa Alpejskiego<\/strong>.<\/p><\/div><p><strong>&#8211; Instruktor Wyk\u0142adowca<\/strong> <strong>SITN<\/strong> <strong>PZN<\/strong><\/p><p><strong>&#8211; <\/strong>Instruktor Zawodowy<strong> ISIA<\/strong><\/p><p><strong>&#8211; <\/strong>Instruktor <strong>IVSI<\/strong><\/p><p><strong>&#8211; <\/strong>Autor ksi\u0105\u017cki <a href=\"http:\/\/szkolacarvingu.pl\/images\/publikacje\/carving_ksiazka.pdf\">&#8220;CARVING &#8211; nie tylko dla narciarzy&#8221;<\/a><\/p><p><strong>&#8211; <\/strong>Autor wielu artyku\u0142\u00f3w w <a href=\"http:\/\/szkolacarvingu.pl\/index.php?option=com_content&amp;view=article&amp;id=19&amp;Itemid=127#:~:text=%22O%20obecnej%20dominacji%20carvingu%20na%20rynku%20narciarskim%20nie\" target=\"_blank\" rel=\"noopener\">&#8220;SKI magazynie dla narciarzy&#8221;<\/a><\/p><p><strong>&#8211; <\/strong>Autor wielu<a href=\"http:\/\/szkolacarvingu.pl\/index.php?option=com_content&amp;view=article&amp;id=9&amp;Itemid=116#:~:text=Najwi%C4%99ksze%20zmiany%20w%20technice%20jazdy%20zachodzi%C5%82y%20na%20prze%C5%82omie%20wiek%C3%B3w.\" target=\"_blank\" rel=\"noopener\"> internetowych prezentacji multimedialnych<\/a> i <a href=\"http:\/\/blog.szkolacarvingu.pl\/index.php\/cwiczenia\/praktyka-dzialania\/\">film\u00f3w szkoleniowych<\/a><\/p>\t\t\t\t\t\t<\/div>\n\t\t\t\t<\/div>\n\t\t\t\t<div class=\"elementor-element elementor-element-c6d49a9 elementor-widget elementor-widget-image\" data-id=\"c6d49a9\" data-element_type=\"widget\" data-widget_type=\"image.default\">\n\t\t\t\t<div class=\"elementor-widget-container\">\n\t\t\t\t\t\t\t\t\t\t\t\t\t\t\t<img loading=\"lazy\" decoding=\"async\" width=\"640\" height=\"847\" src=\"https:\/\/inner.ski\/wp-content\/uploads\/2023\/10\/IMG_3329-774x1024.jpg\" class=\"attachment-large size-large wp-image-2776\" alt=\"\" srcset=\"https:\/\/inner.ski\/wp-content\/uploads\/2023\/10\/IMG_3329-774x1024.jpg 774w, https:\/\/inner.ski\/wp-content\/uploads\/2023\/10\/IMG_3329-227x300.jpg 227w, https:\/\/inner.ski\/wp-content\/uploads\/2023\/10\/IMG_3329-768x1016.jpg 768w, https:\/\/inner.ski\/wp-content\/uploads\/2023\/10\/IMG_3329-1162x1536.jpg 1162w, https:\/\/inner.ski\/wp-content\/uploads\/2023\/10\/IMG_3329-1549x2048.jpg 1549w, https:\/\/inner.ski\/wp-content\/uploads\/2023\/10\/IMG_3329-400x529.jpg 400w, https:\/\/inner.ski\/wp-content\/uploads\/2023\/10\/IMG_3329.jpg 1688w\" sizes=\"(max-width: 640px) 100vw, 640px\" \/>\t\t\t\t\t\t\t\t\t\t\t\t\t\t\t<\/div>\n\t\t\t\t<\/div>\n\t\t\t\t<div class=\"elementor-element elementor-element-858612c elementor-widget elementor-widget-text-editor\" data-id=\"858612c\" data-element_type=\"widget\" data-widget_type=\"text-editor.default\">\n\t\t\t\t<div class=\"elementor-widget-container\">\n\t\t\t\t\t\t\t<p>Iza Ogorza\u0142ek\u00a0<\/p><p>Jestem terapeutk\u0105 Gestalt. Uko\u0144czy\u0142am 4 letni\u0105 szko\u0142\u0119 Counsellingu Gestalt w Krakowie wsp\u00f3\u0142pracuj\u0105c\u0105 z Instytutem Gestalt we Florencji \u2013 IGF i Instytutem Gestalt &amp; Bodywork w Cagliari -IGBW.<\/p><p>W swojej pracy wykorzystuj\u0119 do\u015bwiadczenie zdobyte w szkole Terapii Ta\u0144cem i Ruchem przy Instytucie DMT \u2013 Polski Instytut Psychoterapii Ta\u0144cem i Ruchem<\/p><p>Jestem absolwentk\u0105 wydzia\u0142u rehabilitacji ruchowej na AWF we Wroc\u0142awiu oraz terapeutk\u0105 Integracji Sensorycznej.<\/p><p>Obecnie jestem w trakcie czteroletniego szkolenia Bodynamic w Instytucie Terapii Psychosomatycznej we Wroc\u0142awiu \u2013 nurt psychoterapii somatycznej, a zarazem kompleksowy model analizy dynamiki cia\u0142a.<\/p>\t\t\t\t\t\t<\/div>\n\t\t\t\t<\/div>\n\t\t\t\t<div class=\"elementor-element elementor-element-eeffc2b elementor-widget elementor-widget-text-editor\" data-id=\"eeffc2b\" data-element_type=\"widget\" data-widget_type=\"text-editor.default\">\n\t\t\t\t<div class=\"elementor-widget-container\">\n\t\t\t\t\t\t\t\t\t\t\t\t\t<\/div>\n\t\t\t\t<\/div>\n\t\t\t\t<div class=\"elementor-element elementor-element-6d08dafc elementor-widget elementor-widget-text-editor\" data-id=\"6d08dafc\" data-element_type=\"widget\" data-widget_type=\"text-editor.default\">\n\t\t\t\t<div class=\"elementor-widget-container\">\n\t\t\t\t\t\t\t\t\t\t\t\t\t<\/div>\n\t\t\t\t<\/div>\n\t\t\t\t\t<\/div>\n\t\t<\/div>\n\t\t\t\t\t\t\t<\/div>\n\t\t<\/section>\n\t\t\t\t\t\t\t<\/div>\n\t\t","protected":false},"excerpt":{"rendered":"<p>Autorami projektu s\u0105 Marek i Iza Ogorza\u0142ek. Marek Ogorza\u0142ek Jestem facetem po 50-tce. Cz\u0142owiekiem \u017cyj\u0105cym w\u0142asnym \u017cyciem. Dzi\u0119ki\u00a0 poszukiwaniom, zdobytym do\u015bwiadczeniu, w\u0142asnej przekorze, buntowniczemu charakterowi i \u017cyciowemu szcz\u0119\u015bciu, dotar\u0142em do miejsca w kt\u00f3rym jestem szcz\u0119\u015bliwy i chc\u0119 si\u0119 tym dzieli\u0107 z Wami.\u00a0 Na nartach je\u017adzi\u0142em od zawsze&#8230; W wieku siedmiu lat zjecha\u0142em z Kasprowego. O<span class=\"read-more\">[&hellip;]<\/span><\/p>\n","protected":false},"author":2,"featured_media":0,"parent":0,"menu_order":1,"comment_status":"closed","ping_status":"closed","template":"","meta":{"_piecal_is_event":false,"_piecal_start_date":"","_piecal_end_date":"","_piecal_is_allday":false,"footnotes":""},"yoast_head":"<!-- This site is optimized with the Yoast SEO plugin v21.7 - https:\/\/yoast.com\/wordpress\/plugins\/seo\/ -->\n<title>Marek Ogorza\u0142ek - nauczyciel narciarstwa - INNER.SKI<\/title>\n<meta name=\"description\" content=\"Nazywam si\u0119 Marek Ogorza\u0142ek. Od kilkudziesi\u0119ciu lat nauczam jazdy na nartach, stosuj\u0105c w\u0142asn\u0105 metod\u0119 - Inner.Ski.\" \/>\n<meta name=\"robots\" content=\"index, follow, max-snippet:-1, max-image-preview:large, max-video-preview:-1\" \/>\n<link rel=\"canonical\" href=\"https:\/\/inner.ski\/index.php\/o-mnie-nauczyciel-narciarstwa\/\" \/>\n<meta property=\"og:locale\" content=\"pl_PL\" \/>\n<meta property=\"og:type\" content=\"article\" \/>\n<meta property=\"og:title\" content=\"Marek Ogorza\u0142ek - nauczyciel narciarstwa - INNER.SKI\" \/>\n<meta property=\"og:description\" content=\"Nazywam si\u0119 Marek Ogorza\u0142ek. Od kilkudziesi\u0119ciu lat nauczam jazdy na nartach, stosuj\u0105c w\u0142asn\u0105 metod\u0119 - Inner.Ski.\" \/>\n<meta property=\"og:url\" content=\"https:\/\/inner.ski\/index.php\/o-mnie-nauczyciel-narciarstwa\/\" \/>\n<meta property=\"og:site_name\" content=\"INNER.SKI\" \/>\n<meta property=\"article:modified_time\" content=\"2023-12-23T14:59:51+00:00\" \/>\n<meta property=\"og:image\" content=\"https:\/\/inner.ski\/wp-content\/uploads\/2021\/11\/54405461_1983360525125866_2499380428914294784_n.jpg\" \/>\n<meta name=\"twitter:card\" content=\"summary_large_image\" \/>\n<meta name=\"twitter:label1\" content=\"Szacowany czas czytania\" \/>\n\t<meta name=\"twitter:data1\" content=\"5 minut\" \/>\n<script type=\"application\/ld+json\" class=\"yoast-schema-graph\">{\"@context\":\"https:\/\/schema.org\",\"@graph\":[{\"@type\":\"WebPage\",\"@id\":\"https:\/\/inner.ski\/index.php\/o-mnie-nauczyciel-narciarstwa\/\",\"url\":\"https:\/\/inner.ski\/index.php\/o-mnie-nauczyciel-narciarstwa\/\",\"name\":\"Marek Ogorza\u0142ek - nauczyciel narciarstwa - INNER.SKI\",\"isPartOf\":{\"@id\":\"https:\/\/inner.ski\/#website\"},\"datePublished\":\"2020-04-19T16:04:25+00:00\",\"dateModified\":\"2023-12-23T14:59:51+00:00\",\"description\":\"Nazywam si\u0119 Marek Ogorza\u0142ek. Od kilkudziesi\u0119ciu lat nauczam jazdy na nartach, stosuj\u0105c w\u0142asn\u0105 metod\u0119 - Inner.Ski.\",\"breadcrumb\":{\"@id\":\"https:\/\/inner.ski\/index.php\/o-mnie-nauczyciel-narciarstwa\/#breadcrumb\"},\"inLanguage\":\"pl-PL\",\"potentialAction\":[{\"@type\":\"ReadAction\",\"target\":[\"https:\/\/inner.ski\/index.php\/o-mnie-nauczyciel-narciarstwa\/\"]}]},{\"@type\":\"BreadcrumbList\",\"@id\":\"https:\/\/inner.ski\/index.php\/o-mnie-nauczyciel-narciarstwa\/#breadcrumb\",\"itemListElement\":[{\"@type\":\"ListItem\",\"position\":1,\"name\":\"Home\",\"item\":\"https:\/\/inner.ski\/\"},{\"@type\":\"ListItem\",\"position\":2,\"name\":\"O NAS\"}]},{\"@type\":\"WebSite\",\"@id\":\"https:\/\/inner.ski\/#website\",\"url\":\"https:\/\/inner.ski\/\",\"name\":\"INNER.SKI\",\"description\":\"Przyjemno\u015b\u0107 z jazdy na nartach. Innowacyjna metoda nauki narciarstwa. Marek Ogorza\u0142ek\",\"potentialAction\":[{\"@type\":\"SearchAction\",\"target\":{\"@type\":\"EntryPoint\",\"urlTemplate\":\"https:\/\/inner.ski\/?s={search_term_string}\"},\"query-input\":\"required name=search_term_string\"}],\"inLanguage\":\"pl-PL\"}]}<\/script>\n<!-- \/ Yoast SEO plugin. -->","yoast_head_json":{"title":"Marek Ogorza\u0142ek - nauczyciel narciarstwa - INNER.SKI","description":"Nazywam si\u0119 Marek Ogorza\u0142ek. Od kilkudziesi\u0119ciu lat nauczam jazdy na nartach, stosuj\u0105c w\u0142asn\u0105 metod\u0119 - Inner.Ski.","robots":{"index":"index","follow":"follow","max-snippet":"max-snippet:-1","max-image-preview":"max-image-preview:large","max-video-preview":"max-video-preview:-1"},"canonical":"https:\/\/inner.ski\/index.php\/o-mnie-nauczyciel-narciarstwa\/","og_locale":"pl_PL","og_type":"article","og_title":"Marek Ogorza\u0142ek - nauczyciel narciarstwa - INNER.SKI","og_description":"Nazywam si\u0119 Marek Ogorza\u0142ek. Od kilkudziesi\u0119ciu lat nauczam jazdy na nartach, stosuj\u0105c w\u0142asn\u0105 metod\u0119 - Inner.Ski.","og_url":"https:\/\/inner.ski\/index.php\/o-mnie-nauczyciel-narciarstwa\/","og_site_name":"INNER.SKI","article_modified_time":"2023-12-23T14:59:51+00:00","og_image":[{"url":"https:\/\/inner.ski\/wp-content\/uploads\/2021\/11\/54405461_1983360525125866_2499380428914294784_n.jpg"}],"twitter_card":"summary_large_image","twitter_misc":{"Szacowany czas czytania":"5 minut"},"schema":{"@context":"https:\/\/schema.org","@graph":[{"@type":"WebPage","@id":"https:\/\/inner.ski\/index.php\/o-mnie-nauczyciel-narciarstwa\/","url":"https:\/\/inner.ski\/index.php\/o-mnie-nauczyciel-narciarstwa\/","name":"Marek Ogorza\u0142ek - nauczyciel narciarstwa - INNER.SKI","isPartOf":{"@id":"https:\/\/inner.ski\/#website"},"datePublished":"2020-04-19T16:04:25+00:00","dateModified":"2023-12-23T14:59:51+00:00","description":"Nazywam si\u0119 Marek Ogorza\u0142ek. Od kilkudziesi\u0119ciu lat nauczam jazdy na nartach, stosuj\u0105c w\u0142asn\u0105 metod\u0119 - Inner.Ski.","breadcrumb":{"@id":"https:\/\/inner.ski\/index.php\/o-mnie-nauczyciel-narciarstwa\/#breadcrumb"},"inLanguage":"pl-PL","potentialAction":[{"@type":"ReadAction","target":["https:\/\/inner.ski\/index.php\/o-mnie-nauczyciel-narciarstwa\/"]}]},{"@type":"BreadcrumbList","@id":"https:\/\/inner.ski\/index.php\/o-mnie-nauczyciel-narciarstwa\/#breadcrumb","itemListElement":[{"@type":"ListItem","position":1,"name":"Home","item":"https:\/\/inner.ski\/"},{"@type":"ListItem","position":2,"name":"O NAS"}]},{"@type":"WebSite","@id":"https:\/\/inner.ski\/#website","url":"https:\/\/inner.ski\/","name":"INNER.SKI","description":"Przyjemno\u015b\u0107 z jazdy na nartach. Innowacyjna metoda nauki narciarstwa. Marek Ogorza\u0142ek","potentialAction":[{"@type":"SearchAction","target":{"@type":"EntryPoint","urlTemplate":"https:\/\/inner.ski\/?s={search_term_string}"},"query-input":"required name=search_term_string"}],"inLanguage":"pl-PL"}]}},"_links":{"self":[{"href":"https:\/\/inner.ski\/index.php\/wp-json\/wp\/v2\/pages\/174"}],"collection":[{"href":"https:\/\/inner.ski\/index.php\/wp-json\/wp\/v2\/pages"}],"about":[{"href":"https:\/\/inner.ski\/index.php\/wp-json\/wp\/v2\/types\/page"}],"author":[{"embeddable":true,"href":"https:\/\/inner.ski\/index.php\/wp-json\/wp\/v2\/users\/2"}],"replies":[{"embeddable":true,"href":"https:\/\/inner.ski\/index.php\/wp-json\/wp\/v2\/comments?post=174"}],"version-history":[{"count":15,"href":"https:\/\/inner.ski\/index.php\/wp-json\/wp\/v2\/pages\/174\/revisions"}],"predecessor-version":[{"id":3090,"href":"https:\/\/inner.ski\/index.php\/wp-json\/wp\/v2\/pages\/174\/revisions\/3090"}],"wp:attachment":[{"href":"https:\/\/inner.ski\/index.php\/wp-json\/wp\/v2\/media?parent=174"}],"curies":[{"name":"wp","href":"https:\/\/api.w.org\/{rel}","templated":true}]}}