{"id":2,"date":"2020-04-04T19:36:05","date_gmt":"2020-04-04T17:36:05","guid":{"rendered":"http:\/\/blog.szkolacarvingu.pl\/?page_id=2"},"modified":"2025-10-28T07:26:25","modified_gmt":"2025-10-28T06:26:25","slug":"przykladowa-strona","status":"publish","type":"page","link":"https:\/\/inner.ski\/","title":{"rendered":"INNER.SKI"},"content":{"rendered":"\t\t<div data-elementor-type=\"wp-page\" data-elementor-id=\"2\" class=\"elementor elementor-2\">\n\t\t\t\t\t\t\t\t\t<section class=\"elementor-section elementor-top-section elementor-element elementor-element-81637f7 elementor-section-boxed elementor-section-height-default elementor-section-height-default\" data-id=\"81637f7\" data-element_type=\"section\">\n\t\t\t\t\t\t<div class=\"elementor-container elementor-column-gap-default\">\n\t\t\t\t\t<div class=\"elementor-column elementor-col-100 elementor-top-column elementor-element elementor-element-bf4a476\" data-id=\"bf4a476\" data-element_type=\"column\">\n\t\t\t<div class=\"elementor-widget-wrap elementor-element-populated\">\n\t\t\t\t\t\t\t\t<div class=\"elementor-element elementor-element-ffe7053 elementor-widget elementor-widget-text-editor\" data-id=\"ffe7053\" data-element_type=\"widget\" data-widget_type=\"text-editor.default\">\n\t\t\t\t<div class=\"elementor-widget-container\">\n\t\t\t\t\t\t\t<h2 style=\"text-align: center;\"><strong>\u015aWIADOMA JAZDA NA NARTACH<\/strong><\/h2><h3 style=\"text-align: center;\"><strong>INNER.SK<\/strong>I to autorska metoda pracy z cia\u0142em oparta na trzech elementach:<\/h3><ol><li><h3>Jazda na nartach \u2013 <strong>TECHNIKA PUNKTOWA<\/strong><\/h3><\/li><li><h3>Praca z cia\u0142em \u2013 <strong>INNER.BODY<\/strong><\/h3><\/li><li><h3>Oddech i medytacja<\/h3><\/li><\/ol><h3 style=\"text-align: center;\">To efekt wielu lat praktyki, do\u015bwiadcze\u0144 treningowych, studi\u00f3w, pracy szkoleniowej i osobistego rozwoju. Zrodzi\u0142a si\u0119 z potrzeby g\u0142\u0119bszego zrozumienia relacji mi\u0119dzy cia\u0142em, emocjami, umys\u0142em a ruchem \u2013 zar\u00f3wno na stoku, jak i w \u017cyciu codziennym.<\/h3><h3 style=\"text-align: center;\">Punktem wyj\u015bcia do powstania metody by\u0142 moment, w kt\u00f3rym tradycyjne podej\u015bcie do jazdy na nartach ust\u0105pi\u0142o miejsca zupe\u0142nie nowemu do\u015bwiadczeniu \u2013 pozwoleniu, by to <strong>narty prowadzi\u0142y cz\u0142owieka<\/strong>. Z pozoru drobna zmiana perspektywy sta\u0142a si\u0119 pocz\u0105tkiem procesu, kt\u00f3ry dzi\u015b okre\u015blam jako<\/h3><h3 style=\"text-align: center;\"><strong>INNER.SKI<\/strong><\/h3><h3 style=\"text-align: center;\">\u015bwiadom\u0105, uwa\u017cn\u0105 i harmonijn\u0105 relacj\u0119 z ruchem, cia\u0142em i \u017cyciem.<\/h3>\t\t\t\t\t\t<\/div>\n\t\t\t\t<\/div>\n\t\t\t\t<div class=\"elementor-element elementor-element-a732871 elementor-widget elementor-widget-image\" data-id=\"a732871\" data-element_type=\"widget\" data-widget_type=\"image.default\">\n\t\t\t\t<div class=\"elementor-widget-container\">\n\t\t\t\t\t\t\t\t\t\t\t\t\t\t\t<img fetchpriority=\"high\" decoding=\"async\" width=\"640\" height=\"201\" src=\"https:\/\/inner.ski\/wp-content\/uploads\/2021\/11\/cropped-INNER.SKI-PL-4-1024x321.jpg\" class=\"attachment-large size-large wp-image-1525\" alt=\"\" srcset=\"https:\/\/inner.ski\/wp-content\/uploads\/2021\/11\/cropped-INNER.SKI-PL-4-1024x321.jpg 1024w, https:\/\/inner.ski\/wp-content\/uploads\/2021\/11\/cropped-INNER.SKI-PL-4-300x94.jpg 300w, https:\/\/inner.ski\/wp-content\/uploads\/2021\/11\/cropped-INNER.SKI-PL-4-768x241.jpg 768w, https:\/\/inner.ski\/wp-content\/uploads\/2021\/11\/cropped-INNER.SKI-PL-4-400x125.jpg 400w, https:\/\/inner.ski\/wp-content\/uploads\/2021\/11\/cropped-INNER.SKI-PL-4.jpg 1028w\" sizes=\"(max-width: 640px) 100vw, 640px\" \/>\t\t\t\t\t\t\t\t\t\t\t\t\t\t\t<\/div>\n\t\t\t\t<\/div>\n\t\t\t\t<div class=\"elementor-element elementor-element-b1f8e54 elementor-widget elementor-widget-text-editor\" data-id=\"b1f8e54\" data-element_type=\"widget\" data-widget_type=\"text-editor.default\">\n\t\t\t\t<div class=\"elementor-widget-container\">\n\t\t\t\t\t\t\t<h3 style=\"text-align: center;\"><strong>Trzy filary INNER.SKI:<\/strong><\/h3><h3 style=\"text-align: center;\"><strong> JA \u2013 I \u2013 NARTY<\/strong><\/h3><h3 style=\"text-align: center;\">Metoda <strong>INNER.SKI<\/strong> opiera si\u0119 na trzech elementach, kt\u00f3re tworz\u0105 sp\u00f3jny system pracy z cia\u0142em i \u015bwiadomo\u015bci\u0105.<\/h3>\t\t\t\t\t\t<\/div>\n\t\t\t\t<\/div>\n\t\t\t\t<div class=\"elementor-element elementor-element-e570179 elementor-widget elementor-widget-text-editor\" data-id=\"e570179\" data-element_type=\"widget\" data-widget_type=\"text-editor.default\">\n\t\t\t\t<div class=\"elementor-widget-container\">\n\t\t\t\t\t\t\t<h3><strong>&#8220;JA&#8221;<\/strong> to punkt wyj\u015bcia \u2013 cz\u0142owiek w swojej pe\u0142ni.<\/h3><h3>To, kim jestem, jak si\u0119 poruszam, jak my\u015bl\u0119 i co czuj\u0119. Moje cia\u0142o, sprawno\u015b\u0107 fizyczna i psychiczna, moje ograniczenia, predyspozycje i do\u015bwiadczenia. To \u015bwiadomo\u015b\u0107 siebie \u2013 swoich reakcji, napi\u0119\u0107, emocji i mo\u017cliwo\u015bci.<\/h3>\t\t\t\t\t\t<\/div>\n\t\t\t\t<\/div>\n\t\t\t\t<div class=\"elementor-element elementor-element-f650920 elementor-widget elementor-widget-image\" data-id=\"f650920\" data-element_type=\"widget\" data-widget_type=\"image.default\">\n\t\t\t\t<div class=\"elementor-widget-container\">\n\t\t\t\t\t\t\t\t\t\t\t\t\t\t\t<img decoding=\"async\" width=\"640\" height=\"427\" src=\"https:\/\/inner.ski\/wp-content\/uploads\/2025\/01\/67E2BD3F-4336-4548-B352-3EE040BCE593-19863-000007E086BC64B4-1024x683.jpg\" class=\"attachment-large size-large wp-image-3529\" alt=\"\" srcset=\"https:\/\/inner.ski\/wp-content\/uploads\/2025\/01\/67E2BD3F-4336-4548-B352-3EE040BCE593-19863-000007E086BC64B4-1024x683.jpg 1024w, https:\/\/inner.ski\/wp-content\/uploads\/2025\/01\/67E2BD3F-4336-4548-B352-3EE040BCE593-19863-000007E086BC64B4-300x200.jpg 300w, https:\/\/inner.ski\/wp-content\/uploads\/2025\/01\/67E2BD3F-4336-4548-B352-3EE040BCE593-19863-000007E086BC64B4-768x512.jpg 768w, https:\/\/inner.ski\/wp-content\/uploads\/2025\/01\/67E2BD3F-4336-4548-B352-3EE040BCE593-19863-000007E086BC64B4-1536x1024.jpg 1536w, https:\/\/inner.ski\/wp-content\/uploads\/2025\/01\/67E2BD3F-4336-4548-B352-3EE040BCE593-19863-000007E086BC64B4-2048x1365.jpg 2048w, https:\/\/inner.ski\/wp-content\/uploads\/2025\/01\/67E2BD3F-4336-4548-B352-3EE040BCE593-19863-000007E086BC64B4-400x267.jpg 400w\" sizes=\"(max-width: 640px) 100vw, 640px\" \/>\t\t\t\t\t\t\t\t\t\t\t\t\t\t\t<\/div>\n\t\t\t\t<\/div>\n\t\t\t\t<div class=\"elementor-element elementor-element-d318296 elementor-widget elementor-widget-text-editor\" data-id=\"d318296\" data-element_type=\"widget\" data-widget_type=\"text-editor.default\">\n\t\t\t\t<div class=\"elementor-widget-container\">\n\t\t\t\t\t\t\t<h3><strong>\u201eI\u201d &#8211; <\/strong>To przestrze\u0144 pomi\u0119dzy mn\u0105 a nartami \u2013 relacja.<\/h3><h3>To, co dzieje si\u0119 w momencie kontaktu, w polu wzajemnego oddzia\u0142ywania. To emocje, l\u0119ki, nastawienia, ale te\u017c uwa\u017cno\u015b\u0107 i umiej\u0119tno\u015b\u0107 wyciszenia. To sztuka s\u0142uchania \u2013 zar\u00f3wno w\u0142asnego cia\u0142a, jak i informacji p\u0142yn\u0105cych z otoczenia: stoku, \u015bniegu, rytmu jazdy.<\/h3>\t\t\t\t\t\t<\/div>\n\t\t\t\t<\/div>\n\t\t\t\t<div class=\"elementor-element elementor-element-1293297 elementor-widget elementor-widget-image\" data-id=\"1293297\" data-element_type=\"widget\" data-widget_type=\"image.default\">\n\t\t\t\t<div class=\"elementor-widget-container\">\n\t\t\t\t\t\t\t\t\t\t\t\t\t\t\t<img decoding=\"async\" width=\"640\" height=\"427\" src=\"https:\/\/inner.ski\/wp-content\/uploads\/2025\/01\/8EBEAA2D-FB23-4D4D-92B1-BFB610467E0D-19863-000007DFC0201F3F-1024x683.jpg\" class=\"attachment-large size-large wp-image-3526\" alt=\"\" srcset=\"https:\/\/inner.ski\/wp-content\/uploads\/2025\/01\/8EBEAA2D-FB23-4D4D-92B1-BFB610467E0D-19863-000007DFC0201F3F-1024x683.jpg 1024w, https:\/\/inner.ski\/wp-content\/uploads\/2025\/01\/8EBEAA2D-FB23-4D4D-92B1-BFB610467E0D-19863-000007DFC0201F3F-300x200.jpg 300w, https:\/\/inner.ski\/wp-content\/uploads\/2025\/01\/8EBEAA2D-FB23-4D4D-92B1-BFB610467E0D-19863-000007DFC0201F3F-768x512.jpg 768w, https:\/\/inner.ski\/wp-content\/uploads\/2025\/01\/8EBEAA2D-FB23-4D4D-92B1-BFB610467E0D-19863-000007DFC0201F3F-1536x1024.jpg 1536w, https:\/\/inner.ski\/wp-content\/uploads\/2025\/01\/8EBEAA2D-FB23-4D4D-92B1-BFB610467E0D-19863-000007DFC0201F3F-2048x1365.jpg 2048w, https:\/\/inner.ski\/wp-content\/uploads\/2025\/01\/8EBEAA2D-FB23-4D4D-92B1-BFB610467E0D-19863-000007DFC0201F3F-400x267.jpg 400w\" sizes=\"(max-width: 640px) 100vw, 640px\" \/>\t\t\t\t\t\t\t\t\t\t\t\t\t\t\t<\/div>\n\t\t\t\t<\/div>\n\t\t\t\t<div class=\"elementor-element elementor-element-7e08b8c elementor-widget elementor-widget-text-editor\" data-id=\"7e08b8c\" data-element_type=\"widget\" data-widget_type=\"text-editor.default\">\n\t\t\t\t<div class=\"elementor-widget-container\">\n\t\t\t\t\t\t\t<h3><strong>&#8220;NARTY&#8221; &#8211; <\/strong>To aspekt techniczny i fizyczny.<br \/>To, rozumienie geometrii, fizyki i dynamiki nart pozwala odda\u0107 im prowadzenie i odnale\u017a\u0107 lekko\u015b\u0107 w ruchu. \u015awiadoma praca z nartami polega nie na walce z nimi, ale na wsp\u00f3\u0142pracy \u2013 na zaufaniu ich naturalnemu kszta\u0142towi i mo\u017cliwo\u015bciom.<\/h3>\t\t\t\t\t\t<\/div>\n\t\t\t\t<\/div>\n\t\t\t\t<div class=\"elementor-element elementor-element-d35824a elementor-widget elementor-widget-image\" data-id=\"d35824a\" data-element_type=\"widget\" data-widget_type=\"image.default\">\n\t\t\t\t<div class=\"elementor-widget-container\">\n\t\t\t\t\t\t\t\t\t\t\t\t\t\t\t<img loading=\"lazy\" decoding=\"async\" width=\"640\" height=\"360\" src=\"https:\/\/inner.ski\/wp-content\/uploads\/2021\/11\/Prezentacja2-1024x576.jpg\" class=\"attachment-large size-large wp-image-1540\" alt=\"\" srcset=\"https:\/\/inner.ski\/wp-content\/uploads\/2021\/11\/Prezentacja2-1024x576.jpg 1024w, https:\/\/inner.ski\/wp-content\/uploads\/2021\/11\/Prezentacja2-300x169.jpg 300w, https:\/\/inner.ski\/wp-content\/uploads\/2021\/11\/Prezentacja2-768x432.jpg 768w, https:\/\/inner.ski\/wp-content\/uploads\/2021\/11\/Prezentacja2-400x225.jpg 400w, https:\/\/inner.ski\/wp-content\/uploads\/2021\/11\/Prezentacja2.jpg 1280w\" sizes=\"(max-width: 640px) 100vw, 640px\" \/>\t\t\t\t\t\t\t\t\t\t\t\t\t\t\t<\/div>\n\t\t\t\t<\/div>\n\t\t\t\t<div class=\"elementor-element elementor-element-1c48eb6 elementor-widget elementor-widget-text-editor\" data-id=\"1c48eb6\" data-element_type=\"widget\" data-widget_type=\"text-editor.default\">\n\t\t\t\t<div class=\"elementor-widget-container\">\n\t\t\t\t\t\t\t<h3 style=\"text-align: center;\"><strong>Metoda, kt\u00f3ra wychodzi poza stok<\/strong><\/h3><h3 style=\"text-align: center;\">Cho\u0107 <strong>INNER.SKI<\/strong> narodzi\u0142o si\u0119 z narciarstwa, jego za\u0142o\u017cenia maj\u0105 uniwersalne zastosowanie.<br \/>To, czego uczymy si\u0119 na stoku \u2013 uwa\u017cno\u015bci, zaufania, r\u00f3wnowagi, puszczania kontroli \u2013 mo\u017cna przenie\u015b\u0107 na ka\u017cd\u0105 sfer\u0119 \u017cycia.<br \/>Dlatego <strong>INNER.SKI<\/strong> to nie tylko \u015bwiadoma jazda na nartach, ale r\u00f3wnie\u017c <strong>\u015bwiadome \u017cycie<\/strong>.<\/h3><h3 style=\"text-align: center;\">Relacj\u0119<em><strong>&#8220;JA I NARTY&#8221;<\/strong><\/em>mo\u017cna zast\u0105pi\u0107 ka\u017cd\u0105 inn\u0105<em>: ja i praca, ja i samoch\u00f3d, ja i telefon, ja i rodzina&#8230; <strong>&#8220;JA &#8211; I &#8211; \u017bYCIE&#8221;<\/strong><\/em><br \/>W ka\u017cdej z nich chodzi o harmoni\u0119 mi\u0119dzy tym, kim jeste\u015bmy, a tym, z czym wchodzimy w kontakt.<\/h3>\t\t\t\t\t\t<\/div>\n\t\t\t\t<\/div>\n\t\t\t\t<div class=\"elementor-element elementor-element-b7b1ff9 elementor-widget elementor-widget-image\" data-id=\"b7b1ff9\" data-element_type=\"widget\" data-widget_type=\"image.default\">\n\t\t\t\t<div class=\"elementor-widget-container\">\n\t\t\t\t\t\t\t\t\t\t\t\t\t\t\t<img loading=\"lazy\" decoding=\"async\" width=\"569\" height=\"320\" src=\"https:\/\/inner.ski\/wp-content\/uploads\/2025\/10\/Obraz7.jpg\" class=\"attachment-large size-large wp-image-3663\" alt=\"\" srcset=\"https:\/\/inner.ski\/wp-content\/uploads\/2025\/10\/Obraz7.jpg 569w, https:\/\/inner.ski\/wp-content\/uploads\/2025\/10\/Obraz7-300x169.jpg 300w, https:\/\/inner.ski\/wp-content\/uploads\/2025\/10\/Obraz7-400x225.jpg 400w\" sizes=\"(max-width: 569px) 100vw, 569px\" \/>\t\t\t\t\t\t\t\t\t\t\t\t\t\t\t<\/div>\n\t\t\t\t<\/div>\n\t\t\t\t\t<\/div>\n\t\t<\/div>\n\t\t\t\t\t\t\t<\/div>\n\t\t<\/section>\n\t\t\t\t\t\t\t<\/div>\n\t\t","protected":false},"excerpt":{"rendered":"<p>\u015aWIADOMA JAZDA NA NARTACH INNER.SKI to autorska metoda pracy z cia\u0142em oparta na trzech elementach: Jazda na nartach \u2013 TECHNIKA PUNKTOWA Praca z cia\u0142em \u2013 INNER.BODY Oddech i medytacja To efekt wielu lat praktyki, do\u015bwiadcze\u0144 treningowych, studi\u00f3w, pracy szkoleniowej i osobistego rozwoju. Zrodzi\u0142a si\u0119 z potrzeby g\u0142\u0119bszego zrozumienia relacji mi\u0119dzy cia\u0142em, emocjami, umys\u0142em a ruchem<span class=\"read-more\">[&hellip;]<\/span><\/p>\n","protected":false},"author":1,"featured_media":0,"parent":0,"menu_order":2,"comment_status":"closed","ping_status":"closed","template":"","meta":{"_piecal_is_event":false,"_piecal_start_date":"","_piecal_end_date":"","_piecal_is_allday":false,"footnotes":""},"yoast_head":"<!-- This site is optimized with the Yoast SEO plugin v21.7 - https:\/\/yoast.com\/wordpress\/plugins\/seo\/ -->\n<title>INNER.SKI - innowacyjna metoda - INNER.SKI<\/title>\n<meta name=\"description\" content=\"Inner.ski - innowacyjna metoda nauki narciarstwa \u0142\u0105cz\u0105ca technik\u0119 z budowaniem \u015bwiadomo\u015bci cia\u0142a. Rado\u015b\u0107 jazdy na nartach.\" \/>\n<meta name=\"robots\" content=\"index, follow, max-snippet:-1, max-image-preview:large, max-video-preview:-1\" \/>\n<link rel=\"canonical\" href=\"https:\/\/inner.ski\/\" \/>\n<meta property=\"og:locale\" content=\"pl_PL\" \/>\n<meta property=\"og:type\" content=\"article\" \/>\n<meta property=\"og:title\" content=\"INNER.SKI - innowacyjna metoda - INNER.SKI\" \/>\n<meta property=\"og:description\" content=\"Inner.ski - innowacyjna metoda nauki narciarstwa \u0142\u0105cz\u0105ca technik\u0119 z budowaniem \u015bwiadomo\u015bci cia\u0142a. Rado\u015b\u0107 jazdy na nartach.\" \/>\n<meta property=\"og:url\" content=\"https:\/\/inner.ski\/\" \/>\n<meta property=\"og:site_name\" content=\"INNER.SKI\" \/>\n<meta property=\"article:modified_time\" content=\"2025-10-28T06:26:25+00:00\" \/>\n<meta property=\"og:image\" content=\"https:\/\/inner.ski\/wp-content\/uploads\/2021\/11\/cropped-INNER.SKI-PL-4-1024x321.jpg\" \/>\n<meta name=\"twitter:card\" content=\"summary_large_image\" \/>\n<meta name=\"twitter:label1\" content=\"Szacowany czas czytania\" \/>\n\t<meta name=\"twitter:data1\" content=\"4 minuty\" \/>\n<script type=\"application\/ld+json\" class=\"yoast-schema-graph\">{\"@context\":\"https:\/\/schema.org\",\"@graph\":[{\"@type\":\"WebPage\",\"@id\":\"https:\/\/inner.ski\/\",\"url\":\"https:\/\/inner.ski\/\",\"name\":\"INNER.SKI - innowacyjna metoda - INNER.SKI\",\"isPartOf\":{\"@id\":\"https:\/\/inner.ski\/#website\"},\"datePublished\":\"2020-04-04T17:36:05+00:00\",\"dateModified\":\"2025-10-28T06:26:25+00:00\",\"description\":\"Inner.ski - innowacyjna metoda nauki narciarstwa \u0142\u0105cz\u0105ca technik\u0119 z budowaniem \u015bwiadomo\u015bci cia\u0142a. Rado\u015b\u0107 jazdy na nartach.\",\"breadcrumb\":{\"@id\":\"https:\/\/inner.ski\/#breadcrumb\"},\"inLanguage\":\"pl-PL\",\"potentialAction\":[{\"@type\":\"ReadAction\",\"target\":[\"https:\/\/inner.ski\/\"]}]},{\"@type\":\"BreadcrumbList\",\"@id\":\"https:\/\/inner.ski\/#breadcrumb\",\"itemListElement\":[{\"@type\":\"ListItem\",\"position\":1,\"name\":\"Home\",\"item\":\"https:\/\/inner.ski\/\"},{\"@type\":\"ListItem\",\"position\":2,\"name\":\"INNER.SKI\"}]},{\"@type\":\"WebSite\",\"@id\":\"https:\/\/inner.ski\/#website\",\"url\":\"https:\/\/inner.ski\/\",\"name\":\"INNER.SKI\",\"description\":\"Przyjemno\u015b\u0107 z jazdy na nartach. Innowacyjna metoda nauki narciarstwa. Marek Ogorza\u0142ek\",\"potentialAction\":[{\"@type\":\"SearchAction\",\"target\":{\"@type\":\"EntryPoint\",\"urlTemplate\":\"https:\/\/inner.ski\/?s={search_term_string}\"},\"query-input\":\"required name=search_term_string\"}],\"inLanguage\":\"pl-PL\"}]}<\/script>\n<!-- \/ Yoast SEO plugin. -->","yoast_head_json":{"title":"INNER.SKI - innowacyjna metoda - INNER.SKI","description":"Inner.ski - innowacyjna metoda nauki narciarstwa \u0142\u0105cz\u0105ca technik\u0119 z budowaniem \u015bwiadomo\u015bci cia\u0142a. Rado\u015b\u0107 jazdy na nartach.","robots":{"index":"index","follow":"follow","max-snippet":"max-snippet:-1","max-image-preview":"max-image-preview:large","max-video-preview":"max-video-preview:-1"},"canonical":"https:\/\/inner.ski\/","og_locale":"pl_PL","og_type":"article","og_title":"INNER.SKI - innowacyjna metoda - INNER.SKI","og_description":"Inner.ski - innowacyjna metoda nauki narciarstwa \u0142\u0105cz\u0105ca technik\u0119 z budowaniem \u015bwiadomo\u015bci cia\u0142a. Rado\u015b\u0107 jazdy na nartach.","og_url":"https:\/\/inner.ski\/","og_site_name":"INNER.SKI","article_modified_time":"2025-10-28T06:26:25+00:00","og_image":[{"url":"https:\/\/inner.ski\/wp-content\/uploads\/2021\/11\/cropped-INNER.SKI-PL-4-1024x321.jpg"}],"twitter_card":"summary_large_image","twitter_misc":{"Szacowany czas czytania":"4 minuty"},"schema":{"@context":"https:\/\/schema.org","@graph":[{"@type":"WebPage","@id":"https:\/\/inner.ski\/","url":"https:\/\/inner.ski\/","name":"INNER.SKI - innowacyjna metoda - INNER.SKI","isPartOf":{"@id":"https:\/\/inner.ski\/#website"},"datePublished":"2020-04-04T17:36:05+00:00","dateModified":"2025-10-28T06:26:25+00:00","description":"Inner.ski - innowacyjna metoda nauki narciarstwa \u0142\u0105cz\u0105ca technik\u0119 z budowaniem \u015bwiadomo\u015bci cia\u0142a. Rado\u015b\u0107 jazdy na nartach.","breadcrumb":{"@id":"https:\/\/inner.ski\/#breadcrumb"},"inLanguage":"pl-PL","potentialAction":[{"@type":"ReadAction","target":["https:\/\/inner.ski\/"]}]},{"@type":"BreadcrumbList","@id":"https:\/\/inner.ski\/#breadcrumb","itemListElement":[{"@type":"ListItem","position":1,"name":"Home","item":"https:\/\/inner.ski\/"},{"@type":"ListItem","position":2,"name":"INNER.SKI"}]},{"@type":"WebSite","@id":"https:\/\/inner.ski\/#website","url":"https:\/\/inner.ski\/","name":"INNER.SKI","description":"Przyjemno\u015b\u0107 z jazdy na nartach. Innowacyjna metoda nauki narciarstwa. Marek Ogorza\u0142ek","potentialAction":[{"@type":"SearchAction","target":{"@type":"EntryPoint","urlTemplate":"https:\/\/inner.ski\/?s={search_term_string}"},"query-input":"required name=search_term_string"}],"inLanguage":"pl-PL"}]}},"_links":{"self":[{"href":"https:\/\/inner.ski\/index.php\/wp-json\/wp\/v2\/pages\/2"}],"collection":[{"href":"https:\/\/inner.ski\/index.php\/wp-json\/wp\/v2\/pages"}],"about":[{"href":"https:\/\/inner.ski\/index.php\/wp-json\/wp\/v2\/types\/page"}],"author":[{"embeddable":true,"href":"https:\/\/inner.ski\/index.php\/wp-json\/wp\/v2\/users\/1"}],"replies":[{"embeddable":true,"href":"https:\/\/inner.ski\/index.php\/wp-json\/wp\/v2\/comments?post=2"}],"version-history":[{"count":18,"href":"https:\/\/inner.ski\/index.php\/wp-json\/wp\/v2\/pages\/2\/revisions"}],"predecessor-version":[{"id":3902,"href":"https:\/\/inner.ski\/index.php\/wp-json\/wp\/v2\/pages\/2\/revisions\/3902"}],"wp:attachment":[{"href":"https:\/\/inner.ski\/index.php\/wp-json\/wp\/v2\/media?parent=2"}],"curies":[{"name":"wp","href":"https:\/\/api.w.org\/{rel}","templated":true}]}}