{"id":53,"date":"2020-05-17T07:59:52","date_gmt":"2020-05-17T05:59:52","guid":{"rendered":"http:\/\/blog.szkolacarvingu.pl\/?page_id=53"},"modified":"2025-10-22T23:10:03","modified_gmt":"2025-10-22T21:10:03","slug":"elementor-53","status":"publish","type":"page","link":"https:\/\/inner.ski\/index.php\/elementor-53\/","title":{"rendered":"TECHNIKA PUNKTOWA"},"content":{"rendered":"\t\t<div data-elementor-type=\"wp-post\" data-elementor-id=\"53\" class=\"elementor elementor-53\">\n\t\t\t\t\t\t\t\t\t<section class=\"elementor-section elementor-top-section elementor-element elementor-element-71a6b69 elementor-section-boxed elementor-section-height-default elementor-section-height-default\" data-id=\"71a6b69\" data-element_type=\"section\">\n\t\t\t\t\t\t<div class=\"elementor-container elementor-column-gap-default\">\n\t\t\t\t\t<div class=\"elementor-column elementor-col-100 elementor-top-column elementor-element elementor-element-5bd4a81\" data-id=\"5bd4a81\" data-element_type=\"column\">\n\t\t\t<div class=\"elementor-widget-wrap elementor-element-populated\">\n\t\t\t\t\t\t\t\t<div class=\"elementor-element elementor-element-d3f5a4b elementor-widget elementor-widget-text-editor\" data-id=\"d3f5a4b\" data-element_type=\"widget\" data-widget_type=\"text-editor.default\">\n\t\t\t\t<div class=\"elementor-widget-container\">\n\t\t\t\t\t\t\t<h2 style=\"text-align: center;\"><strong>\u015aWIADOME NARCIARSTWO<\/strong><\/h2><h2 style=\"text-align: center;\"><em><strong>nowe spojrzenie na jazd\u0119 na nartach<\/strong><\/em><\/h2><h3 style=\"text-align: center;\"><strong>Tradycyjna technik<\/strong>a to \u015bwiat twardych nart, twardych but\u00f3w i twardego prowadzenia. Klasyczne, proste narty wymusza\u0142y rotacj\u0119 \u2013 by\u0142y zawsze <em>pod nami<\/em> i wykonywa\u0142y dok\u0142adnie to, co im kazali\u015bmy.<\/h3><h3 style=\"text-align: center;\"><strong>Carving<\/strong> zmieni\u0142 wszystko. Narty carvingowe maj\u0105 sw\u00f3j w\u0142asny kszta\u0142t, w\u0142asn\u0105 dynamik\u0119 i charakter. Ustawione pod k\u0105tem do \u015bniegu, wygi\u0119te i doci\u015bni\u0119te \u2013 same prowadz\u0105 nas w skr\u0119cie.<\/h3><h3 style=\"text-align: center;\"><strong>Carving to technika<\/strong> pod\u0105\u017cania za nartami. To gra balansu, zabawa, taniec mi\u0119dzy narciarzem a nartami.<\/h3>\t\t\t\t\t\t<\/div>\n\t\t\t\t<\/div>\n\t\t\t\t<div class=\"elementor-element elementor-element-d51e1b2 elementor-widget elementor-widget-image\" data-id=\"d51e1b2\" data-element_type=\"widget\" data-widget_type=\"image.default\">\n\t\t\t\t<div class=\"elementor-widget-container\">\n\t\t\t\t\t\t\t\t\t\t\t\t<figure class=\"wp-caption\">\n\t\t\t\t\t\t\t\t\t\t<img fetchpriority=\"high\" decoding=\"async\" width=\"640\" height=\"448\" src=\"https:\/\/inner.ski\/wp-content\/uploads\/2024\/10\/Zdjecie-WhatsApp-2024-10-04-o-22.41.41_783c1c34-1024x716.jpg\" class=\"attachment-large size-large wp-image-3399\" alt=\"\" srcset=\"https:\/\/inner.ski\/wp-content\/uploads\/2024\/10\/Zdjecie-WhatsApp-2024-10-04-o-22.41.41_783c1c34-1024x716.jpg 1024w, https:\/\/inner.ski\/wp-content\/uploads\/2024\/10\/Zdjecie-WhatsApp-2024-10-04-o-22.41.41_783c1c34-300x210.jpg 300w, https:\/\/inner.ski\/wp-content\/uploads\/2024\/10\/Zdjecie-WhatsApp-2024-10-04-o-22.41.41_783c1c34-768x537.jpg 768w, https:\/\/inner.ski\/wp-content\/uploads\/2024\/10\/Zdjecie-WhatsApp-2024-10-04-o-22.41.41_783c1c34-1536x1073.jpg 1536w, https:\/\/inner.ski\/wp-content\/uploads\/2024\/10\/Zdjecie-WhatsApp-2024-10-04-o-22.41.41_783c1c34-400x280.jpg 400w, https:\/\/inner.ski\/wp-content\/uploads\/2024\/10\/Zdjecie-WhatsApp-2024-10-04-o-22.41.41_783c1c34.jpg 1600w\" sizes=\"(max-width: 640px) 100vw, 640px\" \/>\t\t\t\t\t\t\t\t\t\t\t<figcaption class=\"widget-image-caption wp-caption-text\">Marek Ogorza\u0142ek<\/figcaption>\n\t\t\t\t\t\t\t\t\t\t<\/figure>\n\t\t\t\t\t\t\t\t\t<\/div>\n\t\t\t\t<\/div>\n\t\t\t\t<div class=\"elementor-element elementor-element-670574a elementor-widget elementor-widget-text-editor\" data-id=\"670574a\" data-element_type=\"widget\" data-widget_type=\"text-editor.default\">\n\t\t\t\t<div class=\"elementor-widget-container\">\n\t\t\t\t\t\t\t<h3 style=\"text-align: center;\">I w\u0142a\u015bnie w tej grze zrodzi\u0142a si\u0119 <strong>Technika Punktowa<\/strong> \u0142\u0105cz\u0105ca precyzj\u0119 ruchu z czuciem i \u015bwiadomo\u015bci\u0105 cia\u0142a.<\/h3>\t\t\t\t\t\t<\/div>\n\t\t\t\t<\/div>\n\t\t\t\t<div class=\"elementor-element elementor-element-75daf32 elementor-widget elementor-widget-image\" data-id=\"75daf32\" data-element_type=\"widget\" data-widget_type=\"image.default\">\n\t\t\t\t<div class=\"elementor-widget-container\">\n\t\t\t\t\t\t\t\t\t\t\t\t<figure class=\"wp-caption\">\n\t\t\t\t\t\t\t\t\t\t<img decoding=\"async\" width=\"411\" height=\"328\" src=\"https:\/\/inner.ski\/wp-content\/uploads\/2024\/10\/406481265_310824591771742_5952588104204328802_n.jpg\" class=\"attachment-large size-large wp-image-3310\" alt=\"\" srcset=\"https:\/\/inner.ski\/wp-content\/uploads\/2024\/10\/406481265_310824591771742_5952588104204328802_n.jpg 411w, https:\/\/inner.ski\/wp-content\/uploads\/2024\/10\/406481265_310824591771742_5952588104204328802_n-300x239.jpg 300w, https:\/\/inner.ski\/wp-content\/uploads\/2024\/10\/406481265_310824591771742_5952588104204328802_n-400x319.jpg 400w\" sizes=\"(max-width: 411px) 100vw, 411px\" \/>\t\t\t\t\t\t\t\t\t\t\t<figcaption class=\"widget-image-caption wp-caption-text\">Marek Ogorza\u0142ek<\/figcaption>\n\t\t\t\t\t\t\t\t\t\t<\/figure>\n\t\t\t\t\t\t\t\t\t<\/div>\n\t\t\t\t<\/div>\n\t\t\t\t<div class=\"elementor-element elementor-element-537647f elementor-widget elementor-widget-text-editor\" data-id=\"537647f\" data-element_type=\"widget\" data-widget_type=\"text-editor.default\">\n\t\t\t\t<div class=\"elementor-widget-container\">\n\t\t\t\t\t\t\t<h3 style=\"text-align: left;\"><strong>Technika Punktowa<\/strong> opiera si\u0119 na pracy z cia\u0142em poprzez \u201epunkty\u201d:<strong><em> stopy, kolana, biodra, kr\u0119gos\u0142up, r\u0119ce, d\u0142onie, g\u0142ow\u0119.<\/em><\/strong> Dzi\u0119ki \u015bwiadomemu czuciu i kontroli tych miejsc zaczynamy niezale\u017cnie nimi porusza\u0107, odnajduj\u0105c w\u0142asn\u0105 r\u00f3wnowag\u0119 i styl.<\/h3><h3 style=\"text-align: left;\"><strong>Technika Punktowa<\/strong> nie narzuca schematu \u2013 ona <strong>uczy rozumie\u0107 siebie i swoje cia\u0142o<\/strong>. To gra balansu, taniec z nartami, w kt\u00f3rym ruch staje si\u0119 naturalny, a jazda p\u0142ynna i lekka.<\/h3>\t\t\t\t\t\t<\/div>\n\t\t\t\t<\/div>\n\t\t\t\t<div class=\"elementor-element elementor-element-0eebd73 elementor-widget elementor-widget-video\" data-id=\"0eebd73\" data-element_type=\"widget\" data-settings=\"{&quot;youtube_url&quot;:&quot;https:\\\/\\\/www.youtube.com\\\/watch?v=HcLlZos038k&quot;,&quot;video_type&quot;:&quot;youtube&quot;,&quot;controls&quot;:&quot;yes&quot;}\" data-widget_type=\"video.default\">\n\t\t\t\t<div class=\"elementor-widget-container\">\n\t\t\t\t\t<div class=\"elementor-wrapper elementor-open-inline\">\n\t\t\t<div class=\"elementor-video\"><\/div>\t\t<\/div>\n\t\t\t\t<\/div>\n\t\t\t\t<\/div>\n\t\t\t\t<div class=\"elementor-element elementor-element-241f34c elementor-widget elementor-widget-text-editor\" data-id=\"241f34c\" data-element_type=\"widget\" data-widget_type=\"text-editor.default\">\n\t\t\t\t<div class=\"elementor-widget-container\">\n\t\t\t\t\t\t\t<h3 style=\"text-align: center;\"><strong>Dla kogo jest Technika Punktowa<\/strong><\/h3><h3 style=\"text-align: center;\"><strong>Technika Punktowa<\/strong> jest dla ka\u017cdego, kto chce naprawd\u0119 <strong><em>poczu\u0107<\/em><\/strong> jazd\u0119 na nartach. Sprawdza si\u0119 zar\u00f3wno u os\u00f3b stawiaj\u0105cych pierwsze kroki, jak i u zaawansowanych narciarzy, kt\u00f3rzy chc\u0105 odkry\u0107 nowe mo\u017cliwo\u015bci swojego cia\u0142a.<\/h3><ul><li><h3>\u00a0<strong><strong>Dla pocz\u0105tkuj\u0105cych<\/strong><\/strong>\u2013 kt\u00f3rzy chc\u0105 zbudowa\u0107 dobre nawyki od samego pocz\u0105tku.<\/h3><\/li><li><h3><strong>Dla\u00a0\u015bredniozaawansowanych<\/strong> \u2013 kt\u00f3rzy chc\u0105 je\u017adzi\u0107 p\u0142ynniej, z wi\u0119kszym wyczuciem i mniejszym zm\u0119czeniem.<\/h3><\/li><li><h3><strong>Dla do\u015bwiadczonych narciarzy<\/strong> \u2013 kt\u00f3rzy szukaj\u0105 precyzji, balansu i pe\u0142nej kontroli nad ruchem.<\/h3><\/li><li><h3><strong>Dla instruktor\u00f3w<\/strong> \u2013 kt\u00f3rzy chc\u0105 poszerzy\u0107 sw\u00f3j warsztat o nowoczesne podej\u015bcie do nauki techniki i \u015bwiadomo\u015bci cia\u0142a.<\/h3><\/li><\/ul>\t\t\t\t\t\t<\/div>\n\t\t\t\t<\/div>\n\t\t\t\t<div class=\"elementor-element elementor-element-9b7e961 elementor-widget elementor-widget-image-gallery\" data-id=\"9b7e961\" data-element_type=\"widget\" data-widget_type=\"image-gallery.default\">\n\t\t\t\t<div class=\"elementor-widget-container\">\n\t\t\t\t\t<div class=\"elementor-image-gallery\">\n\t\t\t<div id='gallery-1' class='gallery galleryid-53 gallery-columns-4 gallery-size-thumbnail'><figure class='gallery-item'>\n\t\t\t<div class='gallery-icon landscape'>\n\t\t\t\t<a data-elementor-open-lightbox=\"yes\" data-elementor-lightbox-slideshow=\"9b7e961\" data-elementor-lightbox-title=\"Zdj\u0119cie WhatsApp 2024-10-04 o 22.43.49_cfbc1d9b\" data-e-action-hash=\"#elementor-action%3Aaction%3Dlightbox%26settings%3DeyJpZCI6MzQwNSwidXJsIjoiaHR0cHM6XC9cL2lubmVyLnNraVwvd3AtY29udGVudFwvdXBsb2Fkc1wvMjAyNFwvMTBcL1pkamVjaWUtV2hhdHNBcHAtMjAyNC0xMC0wNC1vLTIyLjQzLjQ5X2NmYmMxZDliLmpwZyIsInNsaWRlc2hvdyI6IjliN2U5NjEifQ%3D%3D\" href='https:\/\/inner.ski\/wp-content\/uploads\/2024\/10\/Zdjecie-WhatsApp-2024-10-04-o-22.43.49_cfbc1d9b.jpg'><img decoding=\"async\" width=\"150\" height=\"150\" src=\"https:\/\/inner.ski\/wp-content\/uploads\/2024\/10\/Zdjecie-WhatsApp-2024-10-04-o-22.43.49_cfbc1d9b-150x150.jpg\" class=\"attachment-thumbnail size-thumbnail\" alt=\"\" \/><\/a>\n\t\t\t<\/div><\/figure><figure class='gallery-item'>\n\t\t\t<div class='gallery-icon landscape'>\n\t\t\t\t<a data-elementor-open-lightbox=\"yes\" data-elementor-lightbox-slideshow=\"9b7e961\" data-elementor-lightbox-title=\"Zdj\u0119cie WhatsApp 2024-10-04 o 22.44.08_4df9c8cd\" data-e-action-hash=\"#elementor-action%3Aaction%3Dlightbox%26settings%3DeyJpZCI6MzQwNiwidXJsIjoiaHR0cHM6XC9cL2lubmVyLnNraVwvd3AtY29udGVudFwvdXBsb2Fkc1wvMjAyNFwvMTBcL1pkamVjaWUtV2hhdHNBcHAtMjAyNC0xMC0wNC1vLTIyLjQ0LjA4XzRkZjljOGNkLmpwZyIsInNsaWRlc2hvdyI6IjliN2U5NjEifQ%3D%3D\" href='https:\/\/inner.ski\/wp-content\/uploads\/2024\/10\/Zdjecie-WhatsApp-2024-10-04-o-22.44.08_4df9c8cd.jpg'><img loading=\"lazy\" decoding=\"async\" width=\"150\" height=\"150\" src=\"https:\/\/inner.ski\/wp-content\/uploads\/2024\/10\/Zdjecie-WhatsApp-2024-10-04-o-22.44.08_4df9c8cd-150x150.jpg\" class=\"attachment-thumbnail size-thumbnail\" alt=\"\" \/><\/a>\n\t\t\t<\/div><\/figure><figure class='gallery-item'>\n\t\t\t<div class='gallery-icon portrait'>\n\t\t\t\t<a data-elementor-open-lightbox=\"yes\" data-elementor-lightbox-slideshow=\"9b7e961\" data-elementor-lightbox-title=\"Zdj\u0119cie WhatsApp 2024-10-04 o 22.42.53_bcb101cc\" data-e-action-hash=\"#elementor-action%3Aaction%3Dlightbox%26settings%3DeyJpZCI6MzQwMiwidXJsIjoiaHR0cHM6XC9cL2lubmVyLnNraVwvd3AtY29udGVudFwvdXBsb2Fkc1wvMjAyNFwvMTBcL1pkamVjaWUtV2hhdHNBcHAtMjAyNC0xMC0wNC1vLTIyLjQyLjUzX2JjYjEwMWNjLmpwZyIsInNsaWRlc2hvdyI6IjliN2U5NjEifQ%3D%3D\" href='https:\/\/inner.ski\/wp-content\/uploads\/2024\/10\/Zdjecie-WhatsApp-2024-10-04-o-22.42.53_bcb101cc.jpg'><img loading=\"lazy\" decoding=\"async\" width=\"150\" height=\"150\" src=\"https:\/\/inner.ski\/wp-content\/uploads\/2024\/10\/Zdjecie-WhatsApp-2024-10-04-o-22.42.53_bcb101cc-150x150.jpg\" class=\"attachment-thumbnail size-thumbnail\" alt=\"\" \/><\/a>\n\t\t\t<\/div><\/figure><figure class='gallery-item'>\n\t\t\t<div class='gallery-icon portrait'>\n\t\t\t\t<a data-elementor-open-lightbox=\"yes\" data-elementor-lightbox-slideshow=\"9b7e961\" data-elementor-lightbox-title=\"Zdj\u0119cie WhatsApp 2024-10-06 o 11.45.30_745c8deb\" data-e-action-hash=\"#elementor-action%3Aaction%3Dlightbox%26settings%3DeyJpZCI6MzM5NiwidXJsIjoiaHR0cHM6XC9cL2lubmVyLnNraVwvd3AtY29udGVudFwvdXBsb2Fkc1wvMjAyNFwvMTBcL1pkamVjaWUtV2hhdHNBcHAtMjAyNC0xMC0wNi1vLTExLjQ1LjMwXzc0NWM4ZGViLmpwZyIsInNsaWRlc2hvdyI6IjliN2U5NjEifQ%3D%3D\" href='https:\/\/inner.ski\/wp-content\/uploads\/2024\/10\/Zdjecie-WhatsApp-2024-10-06-o-11.45.30_745c8deb.jpg'><img loading=\"lazy\" decoding=\"async\" width=\"150\" height=\"150\" src=\"https:\/\/inner.ski\/wp-content\/uploads\/2024\/10\/Zdjecie-WhatsApp-2024-10-06-o-11.45.30_745c8deb-150x150.jpg\" class=\"attachment-thumbnail size-thumbnail\" alt=\"\" \/><\/a>\n\t\t\t<\/div><\/figure>\n\t\t<\/div>\n\t\t<\/div>\n\t\t\t\t<\/div>\n\t\t\t\t<\/div>\n\t\t\t\t<div class=\"elementor-element elementor-element-2a2b33a elementor-widget elementor-widget-text-editor\" data-id=\"2a2b33a\" data-element_type=\"widget\" data-widget_type=\"text-editor.default\">\n\t\t\t\t<div class=\"elementor-widget-container\">\n\t\t\t\t\t\t\t<h3 style=\"text-align: center;\"><strong>Korzy\u015bci z nauki Techniki Punktowej<\/strong><\/h3><h3>\u2714\ufe0f Lepsze wyczucie nart i \u015bniegu \u2013 jazda staje si\u0119 p\u0142ynna i intuicyjna.<br \/>\u2714\ufe0f Wi\u0119ksza kontrola nad cia\u0142em i r\u00f3wnowaga w ka\u017cdym ruchu.<br \/>\u2714\ufe0f Mniejsze napi\u0119cie mi\u0119\u015bni i bardziej naturalna postawa.<br \/>\u2714\ufe0f Szybsze post\u0119py w nauce, bo ruch staje si\u0119 \u015bwiadomy i celowy.<br \/>\u2714\ufe0f Wi\u0119ksza pewno\u015b\u0107 siebie na stoku \u2013 bo zaczynasz naprawd\u0119 rozumie\u0107, co robisz i dlaczego to dzia\u0142a.<br \/>\u2714\ufe0f Nowa rado\u015b\u0107 z jazdy \u2013 bo wreszcie przestajesz walczy\u0107 z nartami, a zaczynasz z nimi wsp\u00f3\u0142pracowa\u0107.<\/h3><h3 style=\"text-align: center;\"><em>&#8220;Dobra technika jest wtedy, kiedy nie ma napi\u0119cia mi\u0119dzy narciarzem a nartami&#8221;<\/em><\/h3><p style=\"text-align: right;\">Marek Ogorza\u0142ek<\/p>\t\t\t\t\t\t<\/div>\n\t\t\t\t<\/div>\n\t\t\t\t<div class=\"elementor-element elementor-element-f4f53f5 elementor-widget elementor-widget-image\" data-id=\"f4f53f5\" data-element_type=\"widget\" data-widget_type=\"image.default\">\n\t\t\t\t<div class=\"elementor-widget-container\">\n\t\t\t\t\t\t\t\t\t\t\t\t<figure class=\"wp-caption\">\n\t\t\t\t\t\t\t\t\t\t<img loading=\"lazy\" decoding=\"async\" width=\"640\" height=\"465\" src=\"https:\/\/inner.ski\/wp-content\/uploads\/2024\/10\/Zdjecie-WhatsApp-2024-10-04-o-22.41.00_514a4730-1024x744.jpg\" class=\"attachment-large size-large wp-image-3398\" alt=\"\" srcset=\"https:\/\/inner.ski\/wp-content\/uploads\/2024\/10\/Zdjecie-WhatsApp-2024-10-04-o-22.41.00_514a4730-1024x744.jpg 1024w, https:\/\/inner.ski\/wp-content\/uploads\/2024\/10\/Zdjecie-WhatsApp-2024-10-04-o-22.41.00_514a4730-300x218.jpg 300w, https:\/\/inner.ski\/wp-content\/uploads\/2024\/10\/Zdjecie-WhatsApp-2024-10-04-o-22.41.00_514a4730-768x558.jpg 768w, https:\/\/inner.ski\/wp-content\/uploads\/2024\/10\/Zdjecie-WhatsApp-2024-10-04-o-22.41.00_514a4730-400x291.jpg 400w, https:\/\/inner.ski\/wp-content\/uploads\/2024\/10\/Zdjecie-WhatsApp-2024-10-04-o-22.41.00_514a4730.jpg 1348w\" sizes=\"(max-width: 640px) 100vw, 640px\" \/>\t\t\t\t\t\t\t\t\t\t\t<figcaption class=\"widget-image-caption wp-caption-text\">Marek Ogorza\u0142ek<\/figcaption>\n\t\t\t\t\t\t\t\t\t\t<\/figure>\n\t\t\t\t\t\t\t\t\t<\/div>\n\t\t\t\t<\/div>\n\t\t\t\t<div class=\"elementor-element elementor-element-eb6994b elementor-widget elementor-widget-text-editor\" data-id=\"eb6994b\" data-element_type=\"widget\" data-widget_type=\"text-editor.default\">\n\t\t\t\t<div class=\"elementor-widget-container\">\n\t\t\t\t\t\t\t<h3 style=\"text-align: center;\"><strong>Autorska metoda z ponad 20-letnim do\u015bwiadczeniem<\/strong><\/h3><h3 style=\"text-align: center;\">Technika Punktowa to wynik ponad dw\u00f3ch dekad pracy z narciarzami \u2013 od pocz\u0105tkuj\u0105cych po instruktor\u00f3w. To metoda, kt\u00f3ra powsta\u0142a z pasji, obserwacji i zrozumienia, \u017ce prawdziwa kontrola nad nartami zaczyna si\u0119 w g\u0142owie i w ciele, nie w sprz\u0119cie.<\/h3><h3 style=\"text-align: center;\">Od 20 lat z sukcesem wprowadzam moich uczni\u00f3w w tajniki tej metody \u2013 pomagaj\u0105c im odkrywa\u0107 lekko\u015b\u0107, r\u00f3wnowag\u0119 i przyjemno\u015b\u0107 z jazdy, jakiej wcze\u015bniej nie znali.<\/h3>\t\t\t\t\t\t<\/div>\n\t\t\t\t<\/div>\n\t\t\t\t<div class=\"elementor-element elementor-element-2f0c17e elementor-widget elementor-widget-image\" data-id=\"2f0c17e\" data-element_type=\"widget\" data-widget_type=\"image.default\">\n\t\t\t\t<div class=\"elementor-widget-container\">\n\t\t\t\t\t\t\t\t\t\t\t\t\t\t\t<img loading=\"lazy\" decoding=\"async\" width=\"569\" height=\"320\" src=\"https:\/\/inner.ski\/wp-content\/uploads\/2025\/10\/Obraz7.jpg\" class=\"attachment-large size-large wp-image-3663\" alt=\"\" srcset=\"https:\/\/inner.ski\/wp-content\/uploads\/2025\/10\/Obraz7.jpg 569w, https:\/\/inner.ski\/wp-content\/uploads\/2025\/10\/Obraz7-300x169.jpg 300w, https:\/\/inner.ski\/wp-content\/uploads\/2025\/10\/Obraz7-400x225.jpg 400w\" sizes=\"(max-width: 569px) 100vw, 569px\" \/>\t\t\t\t\t\t\t\t\t\t\t\t\t\t\t<\/div>\n\t\t\t\t<\/div>\n\t\t\t\t<div class=\"elementor-element elementor-element-e9e408e elementor-widget elementor-widget-text-editor\" data-id=\"e9e408e\" data-element_type=\"widget\" data-widget_type=\"text-editor.default\">\n\t\t\t\t<div class=\"elementor-widget-container\">\n\t\t\t\t\t\t\t<h3 style=\"text-align: center;\"><strong>KONTAKT<\/strong><\/h3><h3 style=\"text-align: center;\"><strong>tel 608 554 058<\/strong><\/h3><h3 style=\"text-align: center;\"><a href=\"mailto:marek@inner.ski\">marek@inner.ski<\/a><\/h3>\t\t\t\t\t\t<\/div>\n\t\t\t\t<\/div>\n\t\t\t\t\t<\/div>\n\t\t<\/div>\n\t\t\t\t\t\t\t<\/div>\n\t\t<\/section>\n\t\t\t\t\t\t\t<\/div>\n\t\t","protected":false},"excerpt":{"rendered":"<p>\u015aWIADOME NARCIARSTWO nowe spojrzenie na jazd\u0119 na nartach Tradycyjna technika to \u015bwiat twardych nart, twardych but\u00f3w i twardego prowadzenia. Klasyczne, proste narty wymusza\u0142y rotacj\u0119 \u2013 by\u0142y zawsze pod nami i wykonywa\u0142y dok\u0142adnie to, co im kazali\u015bmy. Carving zmieni\u0142 wszystko. Narty carvingowe maj\u0105 sw\u00f3j w\u0142asny kszta\u0142t, w\u0142asn\u0105 dynamik\u0119 i charakter. Ustawione pod k\u0105tem do \u015bniegu, wygi\u0119te<span class=\"read-more\">[&hellip;]<\/span><\/p>\n","protected":false},"author":2,"featured_media":0,"parent":0,"menu_order":0,"comment_status":"closed","ping_status":"closed","template":"","meta":{"_piecal_is_event":false,"_piecal_start_date":"","_piecal_end_date":"","_piecal_is_allday":false,"footnotes":""},"yoast_head":"<!-- This site is optimized with the Yoast SEO plugin v21.7 - https:\/\/yoast.com\/wordpress\/plugins\/seo\/ -->\n<title>TECHNIKA PUNKTOWA - INNER.SKI<\/title>\n<meta name=\"robots\" content=\"index, follow, max-snippet:-1, max-image-preview:large, max-video-preview:-1\" \/>\n<link rel=\"canonical\" href=\"https:\/\/inner.ski\/index.php\/elementor-53\/\" \/>\n<meta property=\"og:locale\" content=\"pl_PL\" \/>\n<meta property=\"og:type\" content=\"article\" \/>\n<meta property=\"og:title\" content=\"TECHNIKA PUNKTOWA - INNER.SKI\" \/>\n<meta property=\"og:description\" content=\"\u015aWIADOME NARCIARSTWO nowe spojrzenie na jazd\u0119 na nartach Tradycyjna technika to \u015bwiat twardych nart, twardych but\u00f3w i twardego prowadzenia. Klasyczne, proste narty wymusza\u0142y rotacj\u0119 \u2013 by\u0142y zawsze pod nami i wykonywa\u0142y dok\u0142adnie to, co im kazali\u015bmy. Carving zmieni\u0142 wszystko. Narty carvingowe maj\u0105 sw\u00f3j w\u0142asny kszta\u0142t, w\u0142asn\u0105 dynamik\u0119 i charakter. Ustawione pod k\u0105tem do \u015bniegu, wygi\u0119te[&hellip;]\" \/>\n<meta property=\"og:url\" content=\"https:\/\/inner.ski\/index.php\/elementor-53\/\" \/>\n<meta property=\"og:site_name\" content=\"INNER.SKI\" \/>\n<meta property=\"article:modified_time\" content=\"2025-10-22T21:10:03+00:00\" \/>\n<meta property=\"og:image\" content=\"https:\/\/inner.ski\/wp-content\/uploads\/2024\/10\/Zdjecie-WhatsApp-2024-10-04-o-22.41.41_783c1c34-1024x716.jpg\" \/>\n<meta name=\"twitter:card\" content=\"summary_large_image\" \/>\n<meta name=\"twitter:label1\" content=\"Szacowany czas czytania\" \/>\n\t<meta name=\"twitter:data1\" content=\"6 minut\" \/>\n<script type=\"application\/ld+json\" class=\"yoast-schema-graph\">{\"@context\":\"https:\/\/schema.org\",\"@graph\":[{\"@type\":\"WebPage\",\"@id\":\"https:\/\/inner.ski\/index.php\/elementor-53\/\",\"url\":\"https:\/\/inner.ski\/index.php\/elementor-53\/\",\"name\":\"TECHNIKA PUNKTOWA - INNER.SKI\",\"isPartOf\":{\"@id\":\"https:\/\/inner.ski\/#website\"},\"datePublished\":\"2020-05-17T05:59:52+00:00\",\"dateModified\":\"2025-10-22T21:10:03+00:00\",\"breadcrumb\":{\"@id\":\"https:\/\/inner.ski\/index.php\/elementor-53\/#breadcrumb\"},\"inLanguage\":\"pl-PL\",\"potentialAction\":[{\"@type\":\"ReadAction\",\"target\":[\"https:\/\/inner.ski\/index.php\/elementor-53\/\"]}]},{\"@type\":\"BreadcrumbList\",\"@id\":\"https:\/\/inner.ski\/index.php\/elementor-53\/#breadcrumb\",\"itemListElement\":[{\"@type\":\"ListItem\",\"position\":1,\"name\":\"Home\",\"item\":\"https:\/\/inner.ski\/\"},{\"@type\":\"ListItem\",\"position\":2,\"name\":\"TECHNIKA PUNKTOWA\"}]},{\"@type\":\"WebSite\",\"@id\":\"https:\/\/inner.ski\/#website\",\"url\":\"https:\/\/inner.ski\/\",\"name\":\"INNER.SKI\",\"description\":\"Przyjemno\u015b\u0107 z jazdy na nartach. Innowacyjna metoda nauki narciarstwa. Marek Ogorza\u0142ek\",\"potentialAction\":[{\"@type\":\"SearchAction\",\"target\":{\"@type\":\"EntryPoint\",\"urlTemplate\":\"https:\/\/inner.ski\/?s={search_term_string}\"},\"query-input\":\"required name=search_term_string\"}],\"inLanguage\":\"pl-PL\"}]}<\/script>\n<!-- \/ Yoast SEO plugin. -->","yoast_head_json":{"title":"TECHNIKA PUNKTOWA - INNER.SKI","robots":{"index":"index","follow":"follow","max-snippet":"max-snippet:-1","max-image-preview":"max-image-preview:large","max-video-preview":"max-video-preview:-1"},"canonical":"https:\/\/inner.ski\/index.php\/elementor-53\/","og_locale":"pl_PL","og_type":"article","og_title":"TECHNIKA PUNKTOWA - INNER.SKI","og_description":"\u015aWIADOME NARCIARSTWO nowe spojrzenie na jazd\u0119 na nartach Tradycyjna technika to \u015bwiat twardych nart, twardych but\u00f3w i twardego prowadzenia. Klasyczne, proste narty wymusza\u0142y rotacj\u0119 \u2013 by\u0142y zawsze pod nami i wykonywa\u0142y dok\u0142adnie to, co im kazali\u015bmy. Carving zmieni\u0142 wszystko. Narty carvingowe maj\u0105 sw\u00f3j w\u0142asny kszta\u0142t, w\u0142asn\u0105 dynamik\u0119 i charakter. Ustawione pod k\u0105tem do \u015bniegu, wygi\u0119te[&hellip;]","og_url":"https:\/\/inner.ski\/index.php\/elementor-53\/","og_site_name":"INNER.SKI","article_modified_time":"2025-10-22T21:10:03+00:00","og_image":[{"url":"https:\/\/inner.ski\/wp-content\/uploads\/2024\/10\/Zdjecie-WhatsApp-2024-10-04-o-22.41.41_783c1c34-1024x716.jpg"}],"twitter_card":"summary_large_image","twitter_misc":{"Szacowany czas czytania":"6 minut"},"schema":{"@context":"https:\/\/schema.org","@graph":[{"@type":"WebPage","@id":"https:\/\/inner.ski\/index.php\/elementor-53\/","url":"https:\/\/inner.ski\/index.php\/elementor-53\/","name":"TECHNIKA PUNKTOWA - INNER.SKI","isPartOf":{"@id":"https:\/\/inner.ski\/#website"},"datePublished":"2020-05-17T05:59:52+00:00","dateModified":"2025-10-22T21:10:03+00:00","breadcrumb":{"@id":"https:\/\/inner.ski\/index.php\/elementor-53\/#breadcrumb"},"inLanguage":"pl-PL","potentialAction":[{"@type":"ReadAction","target":["https:\/\/inner.ski\/index.php\/elementor-53\/"]}]},{"@type":"BreadcrumbList","@id":"https:\/\/inner.ski\/index.php\/elementor-53\/#breadcrumb","itemListElement":[{"@type":"ListItem","position":1,"name":"Home","item":"https:\/\/inner.ski\/"},{"@type":"ListItem","position":2,"name":"TECHNIKA PUNKTOWA"}]},{"@type":"WebSite","@id":"https:\/\/inner.ski\/#website","url":"https:\/\/inner.ski\/","name":"INNER.SKI","description":"Przyjemno\u015b\u0107 z jazdy na nartach. Innowacyjna metoda nauki narciarstwa. Marek Ogorza\u0142ek","potentialAction":[{"@type":"SearchAction","target":{"@type":"EntryPoint","urlTemplate":"https:\/\/inner.ski\/?s={search_term_string}"},"query-input":"required name=search_term_string"}],"inLanguage":"pl-PL"}]}},"_links":{"self":[{"href":"https:\/\/inner.ski\/index.php\/wp-json\/wp\/v2\/pages\/53"}],"collection":[{"href":"https:\/\/inner.ski\/index.php\/wp-json\/wp\/v2\/pages"}],"about":[{"href":"https:\/\/inner.ski\/index.php\/wp-json\/wp\/v2\/types\/page"}],"author":[{"embeddable":true,"href":"https:\/\/inner.ski\/index.php\/wp-json\/wp\/v2\/users\/2"}],"replies":[{"embeddable":true,"href":"https:\/\/inner.ski\/index.php\/wp-json\/wp\/v2\/comments?post=53"}],"version-history":[{"count":8,"href":"https:\/\/inner.ski\/index.php\/wp-json\/wp\/v2\/pages\/53\/revisions"}],"predecessor-version":[{"id":3870,"href":"https:\/\/inner.ski\/index.php\/wp-json\/wp\/v2\/pages\/53\/revisions\/3870"}],"wp:attachment":[{"href":"https:\/\/inner.ski\/index.php\/wp-json\/wp\/v2\/media?parent=53"}],"curies":[{"name":"wp","href":"https:\/\/api.w.org\/{rel}","templated":true}]}}